{"id":2,"date":"2015-04-22T17:11:51","date_gmt":"2015-04-22T17:11:51","guid":{"rendered":"https:\/\/cocradio.com\/?page_id=2"},"modified":"2021-06-10T19:39:32","modified_gmt":"2021-06-10T19:39:32","slug":"sample-page","status":"publish","type":"page","link":"https:\/\/cocradio.com\/?page_id=2","title":{"rendered":"Qui\u00e9nes somos?"},"content":{"rendered":"<blockquote>\n<h1><strong>COC Radio Panam\u00e1 \u00abIlumina tu vida\u00bb \u00a0<\/strong><\/h1>\n<h5><strong>VISI\u00d3N<\/strong><br \/>\nEvangelizar, adoctrinar, reafirmar los principios cristianos.<\/h5>\n<h5><strong>MISI\u00d3N \u00a0 \u00a0 \u00a0 \u00a0 \u00a0 \u00a0 \u00a0 \u00a0 \u00a0 \u00a0 \u00a0 \u00a0 \u00a0 \u00a0 \u00a0 \u00a0 \u00a0 \u00a0 \u00a0 \u00a0 \u00a0 \u00a0 \u00a0 \u00a0 \u00a0 \u00a0 \u00a0 \u00a0 \u00a0 \u00a0 \u00a0 \u00a0 \u00a0 \u00a0 \u00a0 \u00a0 \u00a0 \u00a0 \u00a0 \u00a0 \u00a0 \u00a0 \u00a0 \u00a0 \u00a0 \u00a0 \u00a0 \u00a0 \u00a0 \u00a0 \u00a0 \u00a0 \u00a0 \u00a0 \u00a0 \u00a0 \u00a0 \u00a0 \u00a0 <\/strong>Ser una emisora radial que refleje la luz de Jes\u00fas, transmitiendo m\u00fasica y contenido con principios cristianos, \u00e9ticos, y morales.<\/h5>\n<h6><!--more--><\/h6>\n<h6>Estamos ubicados estrat\u00e9gicamente en la ciudad capital de Panam\u00e1, COC Radio emite una se\u00f1al de 5,000 watts de poder amistoso y cordial con un contenido diferente. Nuestras antenas ubicadas en el \u00e1rea de San Pedro cubren toda la ciudad y alrededores entregando una programaci\u00f3n que educa, inspira y acompa\u00f1a.<\/h6>\n<h6>Nuestra Junta Directiva compuesta de visionarios con misi\u00f3n es un grupo ideol\u00f3gico cuyo objetivo consiste en la difusi\u00f3n radial de un contenido variado y atractivo enmarcado en los principios \u00e9ticos, morales y de buenas costumbres.<\/h6>\n<h6>A trav\u00e9s de segmentos informativos, programas de opini\u00f3n, capsulas cient\u00edficas, de salud, educativas y una selecci\u00f3n de m\u00fasica inspiracional, anhelamos ser la sal que de un sabor diferente a nuestra sociedad; elevarla a un nuevo nivel de radio con un equilibrio perfecto.<\/h6>\n<h6><strong>CONT\u00c1CTENOS:\u00a0<\/strong><\/h6>\n<h6><strong>Estudio principal: \u00a0 \u00a0<\/strong>\u00a0 \u00a0 \u00a0 \u00a0 \u00a0 \u00a0 \u00a0 \u00a0 \u00a0 \u00a0 \u00a0 \u00a0 \u00a0 \u00a0 \u00a0 \u00a0 \u00a0 \u00a0 \u00a0 \u00a0 \u00a0 \u00a0 \u00a0 \u00a0 \u00a0 \u00a0 \u00a0 \u00a0 \u00a0 \u00a0 \u00a0 \u00a0 \u00a0 \u00a0 \u00a0 \u00a0 \u00a0 \u00a0 \u00a0 \u00a0 \u00a0 \u00a0 \u00a0 \u00a0 \u00a0 \u00a0 \u00a0 \u00a0 \u00a0 \u00a0 Edificio Casa de Oraci\u00f3n Cristiana, Santa Elena, Parque Lefevre Ciudad de Panam\u00e1.<\/h6>\n<h6><strong><a class=\"oajrlxb2 g5ia77u1 qu0x051f esr5mh6w e9989ue4 r7d6kgcz rq0escxv nhd2j8a9 nc684nl6 p7hjln8o kvgmc6g5 cxmmr5t8 oygrvhab hcukyx3x jb3vyjys rz4wbd8a qt6c0cv9 a8nywdso i1ao9s8h esuyzwwr f1sip0of lzcic4wl py34i1dx gpro0wi8\" tabindex=\"0\" role=\"link\" href=\"https:\/\/api.whatsapp.com\/send?phone=50766522773&amp;fbclid=IwAR3ECadYD0QNUZo6txmkUHj74SJNYOzsSEyPvhPjRifDSv7vjSybWwbCqm0\" target=\"_blank\" rel=\"nofollow noopener\">+507 6652-2773<\/a><\/strong><\/h6>\n<div>\n<div class=\"dwo3fsh8 g5ia77u1 rt8b4zig n8ej3o3l agehan2d sk4xxmp2 rq0escxv q9uorilb kvgmc6g5 cxmmr5t8 oygrvhab hcukyx3x jb3vyjys rz4wbd8a qt6c0cv9 a8nywdso l9j0dhe7 i1ao9s8h k4urcfbm\">\n<div class=\"j83agx80 cbu4d94t sj5x9vvc cxgpxx05\">\n<div class=\"rq0escxv l9j0dhe7 du4w35lb j83agx80 pfnyh3mw jifvfom9 ll8tlv6m owycx6da btwxx1t3 hv4rvrfc dati1w0a jb3vyjys b5q2rw42 lq239pai mysgfdmx hddg9phg\">\n<div class=\"rq0escxv l9j0dhe7 du4w35lb j83agx80 cbu4d94t g5gj957u d2edcug0 hpfvmrgz rj1gh0hx buofh1pr o8rfisnq p8fzw8mz pcp91wgn iuny7tx3 ipjc6fyt\">\n<div class=\"j83agx80 cbu4d94t ew0dbk1b irj2b8pg\">\n<div class=\"qzhwtbm6 knvmm38d\"><strong><span class=\"d2edcug0 hpfvmrgz qv66sw1b c1et5uql lr9zc1uh a8c37x1j keod5gw0 nxhoafnm aigsh9s9 d3f4x2em fe6kdd0r mau55g9w c8b282yb iv3no6db jq4qci2q a3bd9o3v knj5qynh oo9gr5id hzawbc8m\" dir=\"auto\"><span class=\"d2edcug0 hpfvmrgz qv66sw1b c1et5uql lr9zc1uh jq4qci2q a3bd9o3v knj5qynh py34i1dx\"><a class=\"oajrlxb2 g5ia77u1 qu0x051f esr5mh6w e9989ue4 r7d6kgcz rq0escxv nhd2j8a9 nc684nl6 p7hjln8o kvgmc6g5 cxmmr5t8 oygrvhab hcukyx3x jb3vyjys rz4wbd8a qt6c0cv9 a8nywdso i1ao9s8h esuyzwwr f1sip0of lzcic4wl py34i1dx gpro0wi8\" tabindex=\"0\" role=\"link\" href=\"mailto:cocradiopty@gmail.com\" target=\"_blank\" rel=\"noopener\">cocradiopty@gmail.com<\/a><\/span><\/span><\/strong><\/div>\n<\/div>\n<\/div>\n<\/div>\n<\/div>\n<\/div>\n<\/div>\n<h6><strong>\u00a0<\/strong><strong>S\u00cdGUENOS EN LAS REDES SOCIALES:<\/strong><br \/>\n<a href=\"https:\/\/www.facebook.com\/COCRadioPty\">https:\/\/www.facebook.com\/COCRadioPty<\/a><\/h6>\n<h6><a href=\"https:\/\/twitter.com\/COCRadiopanama\">https:\/\/twitter.com\/COCRadiopanama<\/a><\/h6>\n<h6><a href=\"https:\/\/www.instagram.com\/cocradio\/\">https:\/\/www.instagram.com\/cocradio\/<\/a><\/h6>\n<\/blockquote>\n","protected":false},"excerpt":{"rendered":"<p>COC Radio Panam\u00e1 \u00abIlumina tu vida\u00bb \u00a0 VISI\u00d3N Evangelizar, adoctrinar, reafirmar los principios cristianos. MISI\u00d3N \u00a0 \u00a0 \u00a0 \u00a0 \u00a0 \u00a0 \u00a0 \u00a0 \u00a0 \u00a0 \u00a0 \u00a0 \u00a0 \u00a0 \u00a0 \u00a0 \u00a0 \u00a0 \u00a0 \u00a0 \u00a0 \u00a0 \u00a0 \u00a0 \u00a0 \u00a0 \u00a0 \u00a0 \u00a0 \u00a0 \u00a0 \u00a0 \u00a0 \u00a0 \u00a0 \u00a0 \u00a0 \u00a0 \u00a0 \u00a0 &hellip; <a href=\"https:\/\/cocradio.com\/?page_id=2\" class=\"more-link\">Seguir leyendo <span class=\"screen-reader-text\">Qui\u00e9nes somos?<\/span> <span class=\"meta-nav\">&rarr;<\/span><\/a><\/p>\n","protected":false},"author":3,"featured_media":46,"parent":0,"menu_order":0,"comment_status":"open","ping_status":"closed","template":"","meta":{"_monsterinsights_skip_tracking":false,"_monsterinsights_sitenote_active":false,"_monsterinsights_sitenote_note":"","_monsterinsights_sitenote_category":0,"footnotes":""},"class_list":["post-2","page","type-page","status-publish","has-post-thumbnail","hentry"],"_links":{"self":[{"href":"https:\/\/cocradio.com\/index.php?rest_route=\/wp\/v2\/pages\/2","targetHints":{"allow":["GET"]}}],"collection":[{"href":"https:\/\/cocradio.com\/index.php?rest_route=\/wp\/v2\/pages"}],"about":[{"href":"https:\/\/cocradio.com\/index.php?rest_route=\/wp\/v2\/types\/page"}],"author":[{"embeddable":true,"href":"https:\/\/cocradio.com\/index.php?rest_route=\/wp\/v2\/users\/3"}],"replies":[{"embeddable":true,"href":"https:\/\/cocradio.com\/index.php?rest_route=%2Fwp%2Fv2%2Fcomments&post=2"}],"version-history":[{"count":15,"href":"https:\/\/cocradio.com\/index.php?rest_route=\/wp\/v2\/pages\/2\/revisions"}],"predecessor-version":[{"id":240,"href":"https:\/\/cocradio.com\/index.php?rest_route=\/wp\/v2\/pages\/2\/revisions\/240"}],"wp:featuredmedia":[{"embeddable":true,"href":"https:\/\/cocradio.com\/index.php?rest_route=\/wp\/v2\/media\/46"}],"wp:attachment":[{"href":"https:\/\/cocradio.com\/index.php?rest_route=%2Fwp%2Fv2%2Fmedia&parent=2"}],"curies":[{"name":"wp","href":"https:\/\/api.w.org\/{rel}","templated":true}]}}